{"id":3053,"date":"2024-01-07T00:38:46","date_gmt":"2024-01-07T00:38:46","guid":{"rendered":"https:\/\/deboramarcucci.it\/?page_id=3053"},"modified":"2024-11-13T15:52:09","modified_gmt":"2024-11-13T15:52:09","slug":"cookie-policy","status":"publish","type":"page","link":"https:\/\/deboramarcucci.it\/en\/cookie-policy\/","title":{"rendered":"Cookie policy"},"content":{"rendered":"<h1 class=\"wp-block-heading\">Politica sui Cookie<\/h1>\n\n\n\n<p>Data di entrata in vigore: 13-Nov-2024<br>Ultimo aggiornamento: 13-Nov-2024<\/p>\n\n\n\n<h5 class=\"wp-block-heading\">Cosa sono i cookie?<\/h5>\n\n\n\n<p>Questa Politica sui Cookie spiega cosa sono i cookie e come li utilizziamo, i tipi di cookie che usiamo, cio\u00e8 le informazioni che raccogliamo tramite i cookie e come utilizziamo tali informazioni, oltre a come gestire le impostazioni dei cookie.<\/p>\n\n\n\n<p>I cookie sono piccoli file di testo utilizzati per memorizzare piccole quantit\u00e0 di informazioni. Vengono archiviati sul tuo dispositivo quando il sito web viene caricato sul tuo browser. Questi cookie ci aiutano a far funzionare correttamente il sito web, a renderlo pi\u00f9 sicuro, a migliorare l&#8217;esperienza utente e a capire come il sito web si comporta, nonch\u00e9 ad analizzare cosa funziona e dove \u00e8 necessario migliorare.<\/p>\n\n\n\n<h5 class=\"wp-block-heading\">Come utilizziamo i cookie?<\/h5>\n\n\n\n<p>Come la maggior parte dei servizi online, il nostro sito utilizza cookie di prima e terza parte per diversi scopi. I cookie di prima parte sono principalmente necessari per il corretto funzionamento del sito e non raccolgono alcun dato personale identificabile.<\/p>\n\n\n\n<p>I cookie di terza parte utilizzati sul nostro sito sono principalmente finalizzati a comprendere come il sito web si comporta, come interagisci con esso, a mantenere i nostri servizi sicuri, a fornire pubblicit\u00e0 rilevante per te e, in generale, a offrirti un&#8217;esperienza utente migliore e pi\u00f9 efficiente, aiutando a velocizzare le tue future interazioni con il sito.<\/p>\n\n\n\n<h5 class=\"wp-block-heading\">Tipi di cookie che utilizziamo<\/h5>\n\n\n\n<h5 class=\"wp-block-heading\">Gestisci le preferenze dei cookie<\/h5>\n\n\n\n<p><a>Impostazioni Cookie<\/a><\/p>\n\n\n\n<p>Puoi cambiare le tue preferenze sui cookie in qualsiasi momento cliccando sul pulsante sopra. Questo ti permetter\u00e0 di rivedere il banner di consenso ai cookie e modificare le tue preferenze o revocare il consenso immediatamente.<\/p>\n\n\n\n<p>Inoltre, i diversi browser forniscono metodi diversi per bloccare ed eliminare i cookie utilizzati dai siti web. Puoi cambiare le impostazioni del tuo browser per bloccare\/eliminare i cookie. Di seguito sono riportati i link ai documenti di supporto su come gestire ed eliminare i cookie dai principali browser.<\/p>\n\n\n\n<p>Chrome: <a target=\"_blank\" href=\"https:\/\/support.google.com\/accounts\/answer\/32050\" rel=\"noopener\">https:\/\/support.google.com\/accounts\/answer\/32050<\/a><\/p>\n\n\n\n<p>Safari: <a target=\"_blank\" href=\"https:\/\/support.apple.com\/en-in\/guide\/safari\/sfri11471\/mac\" rel=\"noopener\">https:\/\/support.apple.com\/en-in\/guide\/safari\/sfri11471\/mac<\/a><\/p>\n\n\n\n<p>Firefox: <a target=\"_blank\" href=\"https:\/\/support.mozilla.org\/en-US\/kb\/clear-cookies-and-site-data-firefox?redirectslug=delete-cookies-remove-info-websites-stored&amp;redirectlocale=en-US\" rel=\"noopener\">https:\/\/support.mozilla.org\/en-US\/kb\/clear-cookies-and-site-data-firefox?redirectslug=delete-cookies-remove-info-websites-stored&amp;redirectlocale=en-US<\/a><\/p>\n\n\n\n<p>Internet Explorer: <a target=\"_blank\" href=\"https:\/\/support.microsoft.com\/en-us\/topic\/how-to-delete-cookie-files-in-internet-explorer-bca9446f-d873-78de-77ba-d42645fa52fc\" rel=\"noopener\">https:\/\/support.microsoft.com\/en-us\/topic\/how-to-delete-cookie-files-in-internet-explorer-bca9446f-d873-78de-77ba-d42645fa52fc<\/a><\/p>\n\n\n\n<p>Se utilizzi un altro browser, visita i documenti di supporto ufficiali del tuo browser.<\/p>\n\n\n\n<p>Politica sui Cookie Generata da <a target=\"_blank\" href=\"https:\/\/www.cookieyes.com\/?utm_source=CP&amp;utm_medium=footer&amp;utm_campaign=UW\" rel=\"noopener\">CookieYes &#8211; Generatore di Politica sui Cookie<\/a>.<\/p>","protected":false},"excerpt":{"rendered":"<p>Politica sui Cookie Data di entrata in vigore: 13-Nov-2024Ultimo aggiornamento: 13-Nov-2024 Cosa sono i cookie? Questa Politica sui Cookie spiega cosa sono i cookie e come li utilizziamo, i tipi di cookie che usiamo, cio\u00e8 le informazioni che raccogliamo tramite i cookie e come utilizziamo tali informazioni, oltre a come gestire le impostazioni dei cookie. [&hellip;]<\/p>\n","protected":false},"author":2,"featured_media":0,"parent":0,"menu_order":0,"comment_status":"closed","ping_status":"closed","template":"","meta":{"_acf_changed":false,"_seopress_robots_primary_cat":"","_seopress_titles_title":"","_seopress_titles_desc":"Scopri la Cookie Policy su Deboramarcucci.it: come usiamo i cookie per migliorare la tua esperienza e garantire la tua privacy.","_seopress_robots_index":"","footnotes":""},"class_list":["post-3053","page","type-page","status-publish"],"acpt":null,"acf":[],"_links":{"self":[{"href":"https:\/\/deboramarcucci.it\/en\/wp-json\/wp\/v2\/pages\/3053","targetHints":{"allow":["GET"]}}],"collection":[{"href":"https:\/\/deboramarcucci.it\/en\/wp-json\/wp\/v2\/pages"}],"about":[{"href":"https:\/\/deboramarcucci.it\/en\/wp-json\/wp\/v2\/types\/page"}],"author":[{"embeddable":true,"href":"https:\/\/deboramarcucci.it\/en\/wp-json\/wp\/v2\/users\/2"}],"replies":[{"embeddable":true,"href":"https:\/\/deboramarcucci.it\/en\/wp-json\/wp\/v2\/comments?post=3053"}],"version-history":[{"count":3,"href":"https:\/\/deboramarcucci.it\/en\/wp-json\/wp\/v2\/pages\/3053\/revisions"}],"predecessor-version":[{"id":3247,"href":"https:\/\/deboramarcucci.it\/en\/wp-json\/wp\/v2\/pages\/3053\/revisions\/3247"}],"wp:attachment":[{"href":"https:\/\/deboramarcucci.it\/en\/wp-json\/wp\/v2\/media?parent=3053"}],"curies":[{"name":"wp","href":"https:\/\/api.w.org\/{rel}","templated":true}]}}